{"id":2782,"date":"2019-06-20T10:10:28","date_gmt":"2019-06-20T13:10:28","guid":{"rendered":"http:\/\/www.mtostes.com.br\/career-opportunity\/"},"modified":"2019-06-20T10:10:38","modified_gmt":"2019-06-20T13:10:38","slug":"career-opportunity","status":"publish","type":"page","link":"https:\/\/mtostes.com.br\/en\/career-opportunity\/","title":{"rendered":"CAREER OPPORTUNITY"},"content":{"rendered":"<div class=\"wpb-content-wrapper\"><p>[vc_row][vc_column width=&#8221;1\/3&#8243;]<div id=\"ultimate-heading-913769fdef82d5b6f\" class=\"uvc-heading ult-adjust-bottom-margin ultimate-heading-913769fdef82d5b6f uvc-3207 \" data-hspacer=\"line_only\"  data-halign=\"left\" style=\"text-align:left\"><div class=\"uvc-main-heading ult-responsive\"  data-ultimate-target='.uvc-heading.ultimate-heading-913769fdef82d5b6f h2'  data-responsive-json-new='{\"font-size\":\"desktop:28px;\",\"line-height\":\"desktop:34px;\"}' ><h2 style=\"font-weight:bold;color:#333333;margin-bottom:20px;\">Career Opportunity<\/h2><\/div><div class=\"uvc-heading-spacer line_only\" style=\"topheight:1px;\"><span class=\"uvc-headings-line\" style=\"border-style:solid;border-bottom-width:1px;border-color:#33a93c;width:150px;\"><\/span><\/div><\/div>[\/vc_column][vc_column width=&#8221;2\/3&#8243;][\/vc_column][\/vc_row][vc_row full_width=&#8221;stretch_row_content&#8221; gap=&#8221;20&#8243; css=&#8221;.vc_custom_1556920899578{margin-top: 50px !important;margin-right: 40px !important;margin-left: 40px !important;}&#8221;][vc_column width=&#8221;1\/4&#8243;][vc_empty_space height=&#8221;40&#8243;]<div id=\"ultimate-heading-519169fdef82d5c32\" class=\"uvc-heading ult-adjust-bottom-margin ultimate-heading-519169fdef82d5c32 uvc-5705 \" data-hspacer=\"no_spacer\"  data-halign=\"left\" style=\"text-align:left\"><div class=\"uvc-heading-spacer no_spacer\" style=\"top\"><\/div><div class=\"uvc-main-heading ult-responsive\"  data-ultimate-target='.uvc-heading.ultimate-heading-519169fdef82d5c32 h3'  data-responsive-json-new='{\"font-size\":\"desktop:22px;\",\"line-height\":\"desktop:50px;\"}' ><h3 style=\"font-weight:bold;color:#33a93c;margin-bottom:20px;\">COORDENADOR C\u00cdVEL<\/h3><\/div><div class=\"uvc-sub-heading ult-responsive\"  data-ultimate-target='.uvc-heading.ultimate-heading-519169fdef82d5c32 .uvc-sub-heading '  data-responsive-json-new='{\"font-size\":\"\",\"line-height\":\"\"}'  style=\"font-weight:normal;\"><\/p>\n<h4><em>Atua\u00e7\u00e3o em Belo Horizonte\/MG<\/em><\/h4>\n<p><\/div><\/div>[vc_empty_space height=&#8221;20&#8243;][vc_single_image image=&#8221;2521&#8243; img_size=&#8221;medium&#8221;][vc_empty_space height=&#8221;20&#8243;]<div class=\"standard-arrow list-divider bullet-top\"><h6>Requisitos<\/h6>\n<ul>\n<li>Profissional com habilidades em gest\u00e3o de pessoas e atendimento ao cliente<\/li>\n<li>Conhecimento em gerar indicadores de desempenho, performance e an\u00e1lise de custos, riscos e viabilidade de contratos.<\/li>\n<li>Oportunidade para um <em>mindset<\/em> inovador, din\u00e2mico, e que seja pautado por desafios.<\/li>\n<\/ul>\n<\/div>[vc_empty_space height=&#8221;15&#8243;][vc_empty_space height=&#8221;15&#8243;][vc_btn title=&#8221;Enviar Curr\u00edculo&#8221; style=&#8221;custom&#8221; custom_background=&#8221;#33a93c&#8221; custom_text=&#8221;#ffffff&#8221; shape=&#8221;square&#8221; size=&#8221;sm&#8221; align=&#8221;center&#8221; button_block=&#8221;true&#8221; link=&#8221;url:http%3A%2F%2Fwww.mtostes.com.br%2Fen%2Fresumes%2F|&#8221;][\/vc_column][vc_column width=&#8221;1\/4&#8243;][vc_empty_space height=&#8221;40&#8243;]<div id=\"ultimate-heading-98769fdef82d5df3\" class=\"uvc-heading ult-adjust-bottom-margin ultimate-heading-98769fdef82d5df3 uvc-1025 \" data-hspacer=\"no_spacer\"  data-halign=\"left\" style=\"text-align:left\"><div class=\"uvc-heading-spacer no_spacer\" style=\"top\"><\/div><div class=\"uvc-main-heading ult-responsive\"  data-ultimate-target='.uvc-heading.ultimate-heading-98769fdef82d5df3 h3'  data-responsive-json-new='{\"font-size\":\"desktop:22px;\",\"line-height\":\"desktop:50px;\"}' ><h3 style=\"font-weight:bold;color:#33a93c;margin-bottom:20px;\">ADVOGADO J\u00daNIOR<\/h3><\/div><div class=\"uvc-sub-heading ult-responsive\"  data-ultimate-target='.uvc-heading.ultimate-heading-98769fdef82d5df3 .uvc-sub-heading '  data-responsive-json-new='{\"font-size\":\"\",\"line-height\":\"\"}'  style=\"font-weight:normal;\"><\/p>\n<h4><em>Advogado J\u00fanior para atua\u00e7\u00e3o em unidade: Belo Horizonte\/MG<\/em><\/h4>\n<p><\/div><\/div>[vc_empty_space height=&#8221;20&#8243;][vc_single_image image=&#8221;2522&#8243; img_size=&#8221;medium&#8221;][vc_empty_space height=&#8221;20&#8243;]<div class=\"standard-arrow list-divider bullet-top\"><h6>Requisitos<\/h6>\n<ul>\n<li>Gradua\u00e7\u00e3o em Direito, com OAB ativa;<\/li>\n<li>Viv\u00eancia na \u00e1rea jur\u00eddica em escrit\u00f3rios de m\u00e9dio porte<\/li>\n<li>Excel intermedi\u00e1rio;<\/li>\n<li>Disponibilidade para in\u00edcio imediato.<\/li>\n<\/ul>\n<\/div>[vc_empty_space height=&#8221;15&#8243;][vc_empty_space height=&#8221;20&#8243;][vc_btn title=&#8221;Enviar Curr\u00edculo&#8221; style=&#8221;custom&#8221; custom_background=&#8221;#33a93c&#8221; custom_text=&#8221;#ffffff&#8221; shape=&#8221;square&#8221; size=&#8221;sm&#8221; align=&#8221;center&#8221; button_block=&#8221;true&#8221; link=&#8221;url:http%3A%2F%2Fwww.mtostes.com.br%2Fen%2Fresumes%2F|&#8221;][\/vc_column][vc_column width=&#8221;1\/4&#8243;][vc_empty_space height=&#8221;40&#8243;]<div id=\"ultimate-heading-132069fdef82d5f7c\" class=\"uvc-heading ult-adjust-bottom-margin ultimate-heading-132069fdef82d5f7c uvc-9503 \" data-hspacer=\"no_spacer\"  data-halign=\"left\" style=\"text-align:left\"><div class=\"uvc-heading-spacer no_spacer\" style=\"top\"><\/div><div class=\"uvc-main-heading ult-responsive\"  data-ultimate-target='.uvc-heading.ultimate-heading-132069fdef82d5f7c h3'  data-responsive-json-new='{\"font-size\":\"desktop:22px;\",\"line-height\":\"desktop:50px;\"}' ><h3 style=\"font-weight:bold;color:#33a93c;margin-bottom:20px;\">ADVOGADO PLENO C\u00cdVEL<\/h3><\/div><div class=\"uvc-sub-heading ult-responsive\"  data-ultimate-target='.uvc-heading.ultimate-heading-132069fdef82d5f7c .uvc-sub-heading '  data-responsive-json-new='{\"font-size\":\"\",\"line-height\":\"\"}'  style=\"font-weight:normal;\"><\/p>\n<h4><em>Advogados para atua\u00e7\u00e3o em Ita\u00fana|MG ou em regi\u00f5es pr\u00f3ximas<\/em><\/h4>\n<p><\/div><\/div>[vc_empty_space height=&#8221;20&#8243;][vc_single_image image=&#8221;2523&#8243; img_size=&#8221;medium&#8221;][vc_empty_space height=&#8221;20&#8243;]<div class=\"standard-arrow list-divider bullet-top\"><h6>Requisitos<\/h6>\n<ul>\n<li>Conhecimento generalista com \u00eanfase em Direito C\u00edvel;<\/li>\n<li>Vis\u00e3o estrat\u00e9gica para negocia\u00e7\u00e3o e avalia\u00e7\u00e3o de risco;<\/li>\n<li>Disponibilidade para viagens.<\/li>\n<\/ul>\n<\/div>[vc_empty_space height=&#8221;20&#8243;][vc_empty_space height=&#8221;22&#8243;][vc_btn title=&#8221;Enviar Curr\u00edculo&#8221; style=&#8221;custom&#8221; custom_background=&#8221;#33a93c&#8221; custom_text=&#8221;#ffffff&#8221; shape=&#8221;square&#8221; size=&#8221;sm&#8221; align=&#8221;center&#8221; button_block=&#8221;true&#8221; link=&#8221;url:http%3A%2F%2Fwww.mtostes.com.br%2Fen%2Fresumes%2F|&#8221;][\/vc_column][vc_column width=&#8221;1\/4&#8243;][vc_empty_space height=&#8221;40&#8243;]<div id=\"ultimate-heading-310769fdef82d60f1\" class=\"uvc-heading ult-adjust-bottom-margin ultimate-heading-310769fdef82d60f1 uvc-7190 \" data-hspacer=\"no_spacer\"  data-halign=\"left\" style=\"text-align:left\"><div class=\"uvc-heading-spacer no_spacer\" style=\"top\"><\/div><div class=\"uvc-main-heading ult-responsive\"  data-ultimate-target='.uvc-heading.ultimate-heading-310769fdef82d60f1 h3'  data-responsive-json-new='{\"font-size\":\"desktop:22px;\",\"line-height\":\"desktop:50px;\"}' ><h3 style=\"font-weight:bold;color:#33a93c;margin-bottom:20px;\">EST\u00c1GIO<\/h3><\/div><div class=\"uvc-sub-heading ult-responsive\"  data-ultimate-target='.uvc-heading.ultimate-heading-310769fdef82d60f1 .uvc-sub-heading '  data-responsive-json-new='{\"font-size\":\"\",\"line-height\":\"\"}'  style=\"font-weight:normal;\"><\/p>\n<h4><em>Oportunidade para estagi\u00e1rio com atua\u00e7\u00e3o em Belo Horizonte\/MG<\/em><\/h4>\n<p><\/div><\/div>[vc_empty_space height=&#8221;20&#8243;][vc_single_image image=&#8221;2526&#8243; img_size=&#8221;medium&#8221;][vc_empty_space height=&#8221;20&#8243;]<div class=\"standard-arrow list-divider bullet-top\"><h6>Requisitos<\/h6>\n<ul>\n<li>Imputar e atualizar informa\u00e7\u00f5es processuais no sistema interno e do cliente;<\/li>\n<li>Apoiar nas demais atividades correlatas ao departamento jur\u00eddico;<\/li>\n<li>Cursando Superior em Direito atualmente<\/li>\n<li>No\u00e7\u00f5es de inform\u00e1tica &#8211; Pacote Office;<\/li>\n<\/ul>\n<\/div>[vc_empty_space height=&#8221;15&#8243;][vc_empty_space height=&#8221;15&#8243;][vc_btn title=&#8221;Enviar Curr\u00edculo&#8221; style=&#8221;custom&#8221; custom_background=&#8221;#33a93c&#8221; custom_text=&#8221;#ffffff&#8221; shape=&#8221;square&#8221; size=&#8221;sm&#8221; align=&#8221;center&#8221; button_block=&#8221;true&#8221; link=&#8221;url:http%3A%2F%2Fwww.mtostes.com.br%2Fen%2Fresumes%2F|&#8221;][\/vc_column][\/vc_row]<\/p>\n<\/div>","protected":false},"excerpt":{"rendered":"<p>[vc_row][vc_column width=&#8221;1\/3&#8243;][\/vc_column][vc_column width=&#8221;2\/3&#8243;][\/vc_column][\/vc_row][vc_row full_width=&#8221;stretch_row_content&#8221; gap=&#8221;20&#8243; css=&#8221;.vc_custom_1556920899578{margin-top: 50px !important;margin-right: 40px !important;margin-left: 40px !important;}&#8221;][vc_column width=&#8221;1\/4&#8243;][vc_empty_space height=&#8221;40&#8243;][vc_empty_space height=&#8221;20&#8243;][vc_single_image image=&#8221;2521&#8243; img_size=&#8221;medium&#8221;][vc_empty_space height=&#8221;20&#8243;][vc_empty_space height=&#8221;15&#8243;][vc_empty_space height=&#8221;15&#8243;][vc_btn title=&#8221;Enviar Curr\u00edculo&#8221; style=&#8221;custom&#8221; custom_background=&#8221;#33a93c&#8221; custom_text=&#8221;#ffffff&#8221; shape=&#8221;square&#8221; size=&#8221;sm&#8221; align=&#8221;center&#8221; button_block=&#8221;true&#8221; link=&#8221;url:http%3A%2F%2Fwww.mtostes.com.br%2Fen%2Fresumes%2F|&#8221;][\/vc_column][vc_column width=&#8221;1\/4&#8243;][vc_empty_space height=&#8221;40&#8243;][vc_empty_space height=&#8221;20&#8243;][vc_single_image image=&#8221;2522&#8243; img_size=&#8221;medium&#8221;][vc_empty_space height=&#8221;20&#8243;][vc_empty_space height=&#8221;15&#8243;][vc_empty_space height=&#8221;20&#8243;][vc_btn title=&#8221;Enviar Curr\u00edculo&#8221; style=&#8221;custom&#8221; custom_background=&#8221;#33a93c&#8221; custom_text=&#8221;#ffffff&#8221; shape=&#8221;square&#8221; size=&#8221;sm&#8221; align=&#8221;center&#8221; button_block=&#8221;true&#8221; link=&#8221;url:http%3A%2F%2Fwww.mtostes.com.br%2Fen%2Fresumes%2F|&#8221;][\/vc_column][vc_column width=&#8221;1\/4&#8243;][vc_empty_space height=&#8221;40&#8243;][vc_empty_space height=&#8221;20&#8243;][vc_single_image image=&#8221;2523&#8243; img_size=&#8221;medium&#8221;][vc_empty_space height=&#8221;20&#8243;][vc_empty_space height=&#8221;20&#8243;][vc_empty_space&hellip;<\/p>\n","protected":false},"author":1,"featured_media":0,"parent":0,"menu_order":10,"comment_status":"closed","ping_status":"closed","template":"","meta":{"footnotes":""},"class_list":["post-2782","page","type-page","status-publish","hentry","description-off"],"yoast_head":"<!-- This site is optimized with the Yoast SEO plugin v23.7 - https:\/\/yoast.com\/wordpress\/plugins\/seo\/ -->\n<title>CAREER OPPORTUNITY - Marcelo Tostes Advogados<\/title>\n<meta name=\"robots\" content=\"index, follow, max-snippet:-1, max-image-preview:large, max-video-preview:-1\" \/>\n<link rel=\"canonical\" href=\"https:\/\/mtostes.com.br\/en\/career-opportunity\/\" \/>\n<meta property=\"og:locale\" content=\"en_US\" \/>\n<meta property=\"og:type\" content=\"article\" \/>\n<meta property=\"og:title\" content=\"CAREER OPPORTUNITY - Marcelo Tostes Advogados\" \/>\n<meta property=\"og:description\" content=\"[vc_row][vc_column width=&#8221;1\/3&#8243;][\/vc_column][vc_column width=&#8221;2\/3&#8243;][\/vc_column][\/vc_row][vc_row full_width=&#8221;stretch_row_content&#8221; gap=&#8221;20&#8243; css=&#8221;.vc_custom_1556920899578{margin-top: 50px !important;margin-right: 40px !important;margin-left: 40px !important;}&#8221;][vc_column width=&#8221;1\/4&#8243;][vc_empty_space height=&#8221;40&#8243;][vc_empty_space height=&#8221;20&#8243;][vc_single_image image=&#8221;2521&#8243; img_size=&#8221;medium&#8221;][vc_empty_space height=&#8221;20&#8243;][vc_empty_space height=&#8221;15&#8243;][vc_empty_space height=&#8221;15&#8243;][vc_btn title=&#8221;Enviar Curr\u00edculo&#8221; style=&#8221;custom&#8221; custom_background=&#8221;#33a93c&#8221; custom_text=&#8221;#ffffff&#8221; shape=&#8221;square&#8221; size=&#8221;sm&#8221; align=&#8221;center&#8221; button_block=&#8221;true&#8221; link=&#8221;url:http%3A%2F%2Fwww.mtostes.com.br%2Fen%2Fresumes%2F|&#8221;][\/vc_column][vc_column width=&#8221;1\/4&#8243;][vc_empty_space height=&#8221;40&#8243;][vc_empty_space height=&#8221;20&#8243;][vc_single_image image=&#8221;2522&#8243; img_size=&#8221;medium&#8221;][vc_empty_space height=&#8221;20&#8243;][vc_empty_space height=&#8221;15&#8243;][vc_empty_space height=&#8221;20&#8243;][vc_btn title=&#8221;Enviar Curr\u00edculo&#8221; style=&#8221;custom&#8221; custom_background=&#8221;#33a93c&#8221; custom_text=&#8221;#ffffff&#8221; shape=&#8221;square&#8221; size=&#8221;sm&#8221; align=&#8221;center&#8221; button_block=&#8221;true&#8221; link=&#8221;url:http%3A%2F%2Fwww.mtostes.com.br%2Fen%2Fresumes%2F|&#8221;][\/vc_column][vc_column width=&#8221;1\/4&#8243;][vc_empty_space height=&#8221;40&#8243;][vc_empty_space height=&#8221;20&#8243;][vc_single_image image=&#8221;2523&#8243; img_size=&#8221;medium&#8221;][vc_empty_space height=&#8221;20&#8243;][vc_empty_space height=&#8221;20&#8243;][vc_empty_space&hellip;\" \/>\n<meta property=\"og:url\" content=\"https:\/\/mtostes.com.br\/en\/career-opportunity\/\" \/>\n<meta property=\"og:site_name\" content=\"Marcelo Tostes Advogados\" \/>\n<meta property=\"article:publisher\" content=\"https:\/\/www.facebook.com\/MTostesAdv\" \/>\n<meta property=\"article:modified_time\" content=\"2019-06-20T13:10:38+00:00\" \/>\n<meta name=\"twitter:card\" content=\"summary_large_image\" \/>\n<meta name=\"twitter:site\" content=\"@MTostes_ADV\" \/>\n<meta name=\"twitter:label1\" content=\"Est. reading time\" \/>\n\t<meta name=\"twitter:data1\" content=\"4 minutes\" \/>\n<script type=\"application\/ld+json\" class=\"yoast-schema-graph\">{\"@context\":\"https:\/\/schema.org\",\"@graph\":[{\"@type\":\"WebPage\",\"@id\":\"https:\/\/mtostes.com.br\/en\/career-opportunity\/\",\"url\":\"https:\/\/mtostes.com.br\/en\/career-opportunity\/\",\"name\":\"CAREER OPPORTUNITY - Marcelo Tostes Advogados\",\"isPartOf\":{\"@id\":\"https:\/\/mtostes.com.br\/en\/#website\"},\"datePublished\":\"2019-06-20T13:10:28+00:00\",\"dateModified\":\"2019-06-20T13:10:38+00:00\",\"breadcrumb\":{\"@id\":\"https:\/\/mtostes.com.br\/en\/career-opportunity\/#breadcrumb\"},\"inLanguage\":\"en-US\",\"potentialAction\":[{\"@type\":\"ReadAction\",\"target\":[\"https:\/\/mtostes.com.br\/en\/career-opportunity\/\"]}]},{\"@type\":\"BreadcrumbList\",\"@id\":\"https:\/\/mtostes.com.br\/en\/career-opportunity\/#breadcrumb\",\"itemListElement\":[{\"@type\":\"ListItem\",\"position\":1,\"name\":\"Home\",\"item\":\"https:\/\/mtostes.com.br\/en\/\"},{\"@type\":\"ListItem\",\"position\":2,\"name\":\"CAREER OPPORTUNITY\"}]},{\"@type\":\"WebSite\",\"@id\":\"https:\/\/mtostes.com.br\/en\/#website\",\"url\":\"https:\/\/mtostes.com.br\/en\/\",\"name\":\"Marcelo Tostes Advogados\",\"description\":\"Conectando Inova\u00e7\u00e3o e Intelig\u00eancia Jur\u00eddica\",\"potentialAction\":[{\"@type\":\"SearchAction\",\"target\":{\"@type\":\"EntryPoint\",\"urlTemplate\":\"https:\/\/mtostes.com.br\/en\/?s={search_term_string}\"},\"query-input\":{\"@type\":\"PropertyValueSpecification\",\"valueRequired\":true,\"valueName\":\"search_term_string\"}}],\"inLanguage\":\"en-US\"}]}<\/script>\n<!-- \/ Yoast SEO plugin. -->","yoast_head_json":{"title":"CAREER OPPORTUNITY - Marcelo Tostes Advogados","robots":{"index":"index","follow":"follow","max-snippet":"max-snippet:-1","max-image-preview":"max-image-preview:large","max-video-preview":"max-video-preview:-1"},"canonical":"https:\/\/mtostes.com.br\/en\/career-opportunity\/","og_locale":"en_US","og_type":"article","og_title":"CAREER OPPORTUNITY - Marcelo Tostes Advogados","og_description":"[vc_row][vc_column width=&#8221;1\/3&#8243;][\/vc_column][vc_column width=&#8221;2\/3&#8243;][\/vc_column][\/vc_row][vc_row full_width=&#8221;stretch_row_content&#8221; gap=&#8221;20&#8243; css=&#8221;.vc_custom_1556920899578{margin-top: 50px !important;margin-right: 40px !important;margin-left: 40px !important;}&#8221;][vc_column width=&#8221;1\/4&#8243;][vc_empty_space height=&#8221;40&#8243;][vc_empty_space height=&#8221;20&#8243;][vc_single_image image=&#8221;2521&#8243; img_size=&#8221;medium&#8221;][vc_empty_space height=&#8221;20&#8243;][vc_empty_space height=&#8221;15&#8243;][vc_empty_space height=&#8221;15&#8243;][vc_btn title=&#8221;Enviar Curr\u00edculo&#8221; style=&#8221;custom&#8221; custom_background=&#8221;#33a93c&#8221; custom_text=&#8221;#ffffff&#8221; shape=&#8221;square&#8221; size=&#8221;sm&#8221; align=&#8221;center&#8221; button_block=&#8221;true&#8221; link=&#8221;url:http%3A%2F%2Fwww.mtostes.com.br%2Fen%2Fresumes%2F|&#8221;][\/vc_column][vc_column width=&#8221;1\/4&#8243;][vc_empty_space height=&#8221;40&#8243;][vc_empty_space height=&#8221;20&#8243;][vc_single_image image=&#8221;2522&#8243; img_size=&#8221;medium&#8221;][vc_empty_space height=&#8221;20&#8243;][vc_empty_space height=&#8221;15&#8243;][vc_empty_space height=&#8221;20&#8243;][vc_btn title=&#8221;Enviar Curr\u00edculo&#8221; style=&#8221;custom&#8221; custom_background=&#8221;#33a93c&#8221; custom_text=&#8221;#ffffff&#8221; shape=&#8221;square&#8221; size=&#8221;sm&#8221; align=&#8221;center&#8221; button_block=&#8221;true&#8221; link=&#8221;url:http%3A%2F%2Fwww.mtostes.com.br%2Fen%2Fresumes%2F|&#8221;][\/vc_column][vc_column width=&#8221;1\/4&#8243;][vc_empty_space height=&#8221;40&#8243;][vc_empty_space height=&#8221;20&#8243;][vc_single_image image=&#8221;2523&#8243; img_size=&#8221;medium&#8221;][vc_empty_space height=&#8221;20&#8243;][vc_empty_space height=&#8221;20&#8243;][vc_empty_space&hellip;","og_url":"https:\/\/mtostes.com.br\/en\/career-opportunity\/","og_site_name":"Marcelo Tostes Advogados","article_publisher":"https:\/\/www.facebook.com\/MTostesAdv","article_modified_time":"2019-06-20T13:10:38+00:00","twitter_card":"summary_large_image","twitter_site":"@MTostes_ADV","twitter_misc":{"Est. reading time":"4 minutes"},"schema":{"@context":"https:\/\/schema.org","@graph":[{"@type":"WebPage","@id":"https:\/\/mtostes.com.br\/en\/career-opportunity\/","url":"https:\/\/mtostes.com.br\/en\/career-opportunity\/","name":"CAREER OPPORTUNITY - Marcelo Tostes Advogados","isPartOf":{"@id":"https:\/\/mtostes.com.br\/en\/#website"},"datePublished":"2019-06-20T13:10:28+00:00","dateModified":"2019-06-20T13:10:38+00:00","breadcrumb":{"@id":"https:\/\/mtostes.com.br\/en\/career-opportunity\/#breadcrumb"},"inLanguage":"en-US","potentialAction":[{"@type":"ReadAction","target":["https:\/\/mtostes.com.br\/en\/career-opportunity\/"]}]},{"@type":"BreadcrumbList","@id":"https:\/\/mtostes.com.br\/en\/career-opportunity\/#breadcrumb","itemListElement":[{"@type":"ListItem","position":1,"name":"Home","item":"https:\/\/mtostes.com.br\/en\/"},{"@type":"ListItem","position":2,"name":"CAREER OPPORTUNITY"}]},{"@type":"WebSite","@id":"https:\/\/mtostes.com.br\/en\/#website","url":"https:\/\/mtostes.com.br\/en\/","name":"Marcelo Tostes Advogados","description":"Conectando Inova\u00e7\u00e3o e Intelig\u00eancia Jur\u00eddica","potentialAction":[{"@type":"SearchAction","target":{"@type":"EntryPoint","urlTemplate":"https:\/\/mtostes.com.br\/en\/?s={search_term_string}"},"query-input":{"@type":"PropertyValueSpecification","valueRequired":true,"valueName":"search_term_string"}}],"inLanguage":"en-US"}]}},"_links":{"self":[{"href":"https:\/\/mtostes.com.br\/en\/wp-json\/wp\/v2\/pages\/2782","targetHints":{"allow":["GET"]}}],"collection":[{"href":"https:\/\/mtostes.com.br\/en\/wp-json\/wp\/v2\/pages"}],"about":[{"href":"https:\/\/mtostes.com.br\/en\/wp-json\/wp\/v2\/types\/page"}],"author":[{"embeddable":true,"href":"https:\/\/mtostes.com.br\/en\/wp-json\/wp\/v2\/users\/1"}],"replies":[{"embeddable":true,"href":"https:\/\/mtostes.com.br\/en\/wp-json\/wp\/v2\/comments?post=2782"}],"version-history":[{"count":1,"href":"https:\/\/mtostes.com.br\/en\/wp-json\/wp\/v2\/pages\/2782\/revisions"}],"predecessor-version":[{"id":2783,"href":"https:\/\/mtostes.com.br\/en\/wp-json\/wp\/v2\/pages\/2782\/revisions\/2783"}],"wp:attachment":[{"href":"https:\/\/mtostes.com.br\/en\/wp-json\/wp\/v2\/media?parent=2782"}],"curies":[{"name":"wp","href":"https:\/\/api.w.org\/{rel}","templated":true}]}}